{"id":2476,"date":"2022-10-10T14:14:27","date_gmt":"2022-10-10T14:14:27","guid":{"rendered":"https:\/\/www.thermoduct.be\/solarproof\/"},"modified":"2023-08-22T12:17:49","modified_gmt":"2023-08-22T12:17:49","slug":"solarproof","status":"publish","type":"page","link":"https:\/\/www.thermoduct.be\/fr\/solarproof\/","title":{"rendered":"Solarproof"},"content":{"rendered":"<p>[et_pb_section fb_built=\u00a0\u00bb1&Prime; custom_padding_last_edited=\u00a0\u00bbon|phone\u00a0\u00bb prev_background_color=\u00a0\u00bb#ffffff\u00a0\u00bb module_class=\u00a0\u00bbncss-thermoduct-divider-head\u00a0\u00bb _builder_version=\u00a0\u00bb4.17.4&Prime; _module_preset=\u00a0\u00bbdefault\u00a0\u00bb background_color=\u00a0\u00bb#00A0E3&Prime; background_enable_pattern_style=\u00a0\u00bbon\u00a0\u00bb background_pattern_style=\u00a0\u00bbcubes\u00a0\u00bb background_pattern_size=\u00a0\u00bbcover\u00a0\u00bb background_pattern_repeat_origin=\u00a0\u00bbcenter\u00a0\u00bb custom_margin=\u00a0\u00bb0px||0px||true|false\u00a0\u00bb custom_padding=\u00a0\u00bb48px||0px||false|false\u00a0\u00bb custom_padding_tablet=\u00a0\u00bb48px||0px||false|false\u00a0\u00bb custom_padding_phone=\u00a0\u00bb19px||||false|false\u00a0\u00bb top_divider_style=\u00a0\u00bbasymmetric3&Prime; top_divider_height=\u00a0\u00bb50px\u00a0\u00bb bottom_divider_height=\u00a0\u00bb50px\u00a0\u00bb locked=\u00a0\u00bboff\u00a0\u00bb global_colors_info=\u00a0\u00bb{}\u00a0\u00bb][\/et_pb_section][et_pb_section fb_built=\u00a0\u00bb1&Prime; module_class=\u00a0\u00bbncss-thermoduct-divider\u00a0\u00bb _builder_version=\u00a0\u00bb4.17.4&Prime; _module_preset=\u00a0\u00bbdefault\u00a0\u00bb background_enable_color=\u00a0\u00bboff\u00a0\u00bb background_pattern_repeat_origin=\u00a0\u00bbcenter\u00a0\u00bb custom_padding=\u00a0\u00bb75px||75px||true|false\u00a0\u00bb top_divider_height=\u00a0\u00bb50px\u00a0\u00bb bottom_divider_height=\u00a0\u00bb50px\u00a0\u00bb locked=\u00a0\u00bboff\u00a0\u00bb global_colors_info=\u00a0\u00bb{}\u00a0\u00bb][et_pb_row column_structure=\u00a0\u00bb1_2,1_2&Prime; make_equal=\u00a0\u00bbon\u00a0\u00bb _builder_version=\u00a0\u00bb4.17.4&Prime; _module_preset=\u00a0\u00bbdefault\u00a0\u00bb global_colors_info=\u00a0\u00bb{}\u00a0\u00bb][et_pb_column type=\u00a0\u00bb1_2&Prime; _builder_version=\u00a0\u00bb4.17.4&Prime; _module_preset=\u00a0\u00bbdefault\u00a0\u00bb custom_padding=\u00a0\u00bb||||false|false\u00a0\u00bb custom_css_main_element=\u00a0\u00bbdisplay: flex;||flex-direction: column;||justify-content: center;\u00a0\u00bb global_colors_info=\u00a0\u00bb{}\u00a0\u00bb][et_pb_text _builder_version=\u00a0\u00bb4.17.4&Prime; _module_preset=\u00a0\u00bbdefault\u00a0\u00bb custom_margin=\u00a0\u00bb||||false|false\u00a0\u00bb header_font_size_tablet=\u00a0\u00bb\u00a0\u00bb header_font_size_phone=\u00a0\u00bb25px\u00a0\u00bb header_font_size_last_edited=\u00a0\u00bbon|phone\u00a0\u00bb global_colors_info=\u00a0\u00bb{}\u00a0\u00bb]<\/p>\n<h1 class=\"thermoduct-title\"><img decoding=\"async\" src=\"https:\/\/www.thermoduct.be\/wp-content\/uploads\/Solarproof_Thermoduct.png\" alt=\"Solarproof Thermoduct\" \/> Solarproof<\/h1>\n<p>Choisir le syst\u00e8me r\u00e9volutionnaire <a href=\"http:\/\/www.solarproof.be\/nl\/\">solarproof\u00ae<\/a>, c\u2019est opter pour une source d\u2019\u00e9nergie durable et innovante qui capte la chaleur solaire pour alimenter votre maison en eau chaude.<\/p>\n<p>Le syst\u00e8me est dissimul\u00e9 dans votre toit plat et fonctionne comme un chauffe-eau solaire invisible. Un capteur solaire int\u00e9gr\u00e9, qui capte la chaleur du soleil, est associ\u00e9 \u00e0 une isolation optimale du toit. Deux avantages pour le prix d\u2019un, donc.<\/p>\n<p>[\/et_pb_text][et_pb_button button_url=\u00a0\u00bb@ET-DC@eyJkeW5hbWljIjp0cnVlLCJjb250ZW50IjoicG9zdF9saW5rX3VybF9wYWdlIiwic2V0dGluZ3MiOnsicG9zdF9pZCI6IjI0NjcifX0=@\u00a0\u00bb button_text=\u00a0\u00bbContact\u00a0\u00bb _builder_version=\u00a0\u00bb4.21.0&Prime; _dynamic_attributes=\u00a0\u00bbbutton_url\u00a0\u00bb _module_preset=\u00a0\u00bbdefault\u00a0\u00bb global_colors_info=\u00a0\u00bb{}\u00a0\u00bb]<br \/>\n[\/et_pb_button][\/et_pb_column][et_pb_column type=\u00a0\u00bb1_2&Prime; _builder_version=\u00a0\u00bb4.17.4&Prime; _module_preset=\u00a0\u00bbdefault\u00a0\u00bb global_colors_info=\u00a0\u00bb{}\u00a0\u00bb][et_pb_image src=\u00a0\u00bbhttps:\/\/www.thermoduct.be\/wp-content\/uploads\/Solarproof.jpg\u00a0\u00bb alt=\u00a0\u00bbSolarproof\u00a0\u00bb title_text=\u00a0\u00bbSolarproof\u00a0\u00bb _builder_version=\u00a0\u00bb4.17.4&Prime; _module_preset=\u00a0\u00bbdefault\u00a0\u00bb border_radii=\u00a0\u00bbon|6px|6px|6px|6px\u00a0\u00bb box_shadow_style=\u00a0\u00bbpreset3&Prime; global_colors_info=\u00a0\u00bb{}\u00a0\u00bb]<br \/>\n[\/et_pb_image][\/et_pb_column][\/et_pb_row][\/et_pb_section][et_pb_section fb_built=\u00a0\u00bb1&Prime; prev_background_color=\u00a0\u00bb#ffffff\u00a0\u00bb next_background_color=\u00a0\u00bb#ffffff\u00a0\u00bb module_class=\u00a0\u00bbncss-thermoduct-divider\u00a0\u00bb _builder_version=\u00a0\u00bb4.17.4&Prime; _module_preset=\u00a0\u00bbdefault\u00a0\u00bb background_color=\u00a0\u00bb#00A0E3&Prime; background_enable_pattern_style=\u00a0\u00bbon\u00a0\u00bb background_pattern_style=\u00a0\u00bbcubes\u00a0\u00bb background_pattern_size=\u00a0\u00bbcover\u00a0\u00bb background_pattern_repeat_origin=\u00a0\u00bbcenter\u00a0\u00bb custom_padding=\u00a0\u00bb75px||75px||true|false\u00a0\u00bb top_divider_style=\u00a0\u00bbasymmetric3&Prime; top_divider_height=\u00a0\u00bb50px\u00a0\u00bb bottom_divider_style=\u00a0\u00bbasymmetric3&Prime; bottom_divider_height=\u00a0\u00bb50px\u00a0\u00bb locked=\u00a0\u00bboff\u00a0\u00bb global_colors_info=\u00a0\u00bb{}\u00a0\u00bb][et_pb_row _builder_version=\u00a0\u00bb4.17.4&Prime; _module_preset=\u00a0\u00bbdefault\u00a0\u00bb custom_padding=\u00a0\u00bb||0px||false|false\u00a0\u00bb global_colors_info=\u00a0\u00bb{}\u00a0\u00bb][et_pb_column type=\u00a0\u00bb4_4&Prime; _builder_version=\u00a0\u00bb4.17.4&Prime; _module_preset=\u00a0\u00bbdefault\u00a0\u00bb global_colors_info=\u00a0\u00bb{}\u00a0\u00bb][et_pb_text _builder_version=\u00a0\u00bb4.17.4&Prime; _module_preset=\u00a0\u00bbdefault\u00a0\u00bb header_2_font=\u00a0\u00bb|700||on|||||\u00a0\u00bb header_2_text_align=\u00a0\u00bbcenter\u00a0\u00bb header_2_text_color=\u00a0\u00bb#FFFFFF\u00a0\u00bb header_2_font_size=\u00a0\u00bb30px\u00a0\u00bb global_colors_info=\u00a0\u00bb{}\u00a0\u00bb]<\/p>\n<h2>Principe de fonctionnement de Solarproof<\/h2>\n<p>[\/et_pb_text][\/et_pb_column][\/et_pb_row][et_pb_row column_structure=\u00a0\u00bb1_3,1_3,1_3&Prime; use_custom_gutter=\u00a0\u00bbon\u00a0\u00bb gutter_width=\u00a0\u00bb2&Prime; make_equal=\u00a0\u00bbon\u00a0\u00bb _builder_version=\u00a0\u00bb4.17.4&Prime; _module_preset=\u00a0\u00bbdefault\u00a0\u00bb global_colors_info=\u00a0\u00bb{}\u00a0\u00bb][et_pb_column type=\u00a0\u00bb1_3&Prime; _builder_version=\u00a0\u00bb4.17.4&Prime; _module_preset=\u00a0\u00bbdefault\u00a0\u00bb global_colors_info=\u00a0\u00bb{}\u00a0\u00bb][et_pb_blurb title=\u00a0\u00bbPirotherme\u00a0\u00bb use_icon=\u00a0\u00bbon\u00a0\u00bb font_icon=\u00a0\u00bb&#xf7e4;||fa||900&Prime; _builder_version=\u00a0\u00bb4.17.4&Prime; _module_preset=\u00a0\u00bbdefault\u00a0\u00bb header_font=\u00a0\u00bb|700|||||||\u00a0\u00bb header_text_align=\u00a0\u00bbcenter\u00a0\u00bb background_color=\u00a0\u00bb#FFFFFF\u00a0\u00bb text_orientation=\u00a0\u00bbcenter\u00a0\u00bb min_height=\u00a0\u00bb100%\u00a0\u00bb custom_padding=\u00a0\u00bb25px|25px|25px|25px|true|true\u00a0\u00bb border_radii=\u00a0\u00bbon|6px|6px|6px|6px\u00a0\u00bb box_shadow_style=\u00a0\u00bbpreset3&Prime; global_colors_info=\u00a0\u00bb{}\u00a0\u00bb]<\/p>\n<p>Pirotherm est un mat\u00e9riau isolant sp\u00e9cialement con\u00e7u pour fonctionner de mani\u00e8re optimale en combinaison avec le syst\u00e8me solarproof\u00ae. Ce panneau isolant se place sous les tuyaux et emp\u00eache la chaleur capt\u00e9e de s\u2019\u00e9chapper par le toit.<\/p>\n<p>[\/et_pb_blurb][\/et_pb_column][et_pb_column type=\u00a0\u00bb1_3&Prime; _builder_version=\u00a0\u00bb4.17.4&Prime; _module_preset=\u00a0\u00bbdefault\u00a0\u00bb global_colors_info=\u00a0\u00bb{}\u00a0\u00bb][et_pb_blurb title=\u00a0\u00bbRegistre des tubes\u00a0\u00bb use_icon=\u00a0\u00bbon\u00a0\u00bb font_icon=\u00a0\u00bb&#xf7e4;||fa||900&Prime; _builder_version=\u00a0\u00bb4.17.4&Prime; _module_preset=\u00a0\u00bbdefault\u00a0\u00bb header_font=\u00a0\u00bb|700|||||||\u00a0\u00bb header_text_align=\u00a0\u00bbcenter\u00a0\u00bb background_color=\u00a0\u00bb#FFFFFF\u00a0\u00bb text_orientation=\u00a0\u00bbcenter\u00a0\u00bb min_height=\u00a0\u00bb100%\u00a0\u00bb custom_padding=\u00a0\u00bb25px|25px|25px|25px|true|true\u00a0\u00bb border_radii=\u00a0\u00bbon|6px|6px|6px|6px\u00a0\u00bb box_shadow_style=\u00a0\u00bbpreset3&Prime; global_colors_info=\u00a0\u00bb{}\u00a0\u00bb]<\/p>\n<p>Des tuyaux servant \u00e0 acheminer la chaleur solaire sont plac\u00e9s sur l\u2019isolation en Pirotherm. Ceux-ci stockent la chaleur ou l\u2019acheminent \u00e0 travers l\u2019habitation jusqu\u2019\u00e0 l\u2019endroit voulu, selon les besoins en chaleur.<\/p>\n<p>[\/et_pb_blurb][\/et_pb_column][et_pb_column type=\u00a0\u00bb1_3&Prime; _builder_version=\u00a0\u00bb4.17.4&Prime; _module_preset=\u00a0\u00bbdefault\u00a0\u00bb global_colors_info=\u00a0\u00bb{}\u00a0\u00bb][et_pb_blurb title=\u00a0\u00bbMortier \u00e9nerg\u00e9tique\u00a0\u00bb use_icon=\u00a0\u00bbon\u00a0\u00bb font_icon=\u00a0\u00bb&#xf7e4;||fa||900&Prime; _builder_version=\u00a0\u00bb4.17.4&Prime; _module_preset=\u00a0\u00bbdefault\u00a0\u00bb header_font=\u00a0\u00bb|700|||||||\u00a0\u00bb header_text_align=\u00a0\u00bbcenter\u00a0\u00bb background_color=\u00a0\u00bb#FFFFFF\u00a0\u00bb text_orientation=\u00a0\u00bbcenter\u00a0\u00bb min_height=\u00a0\u00bb100%\u00a0\u00bb custom_padding=\u00a0\u00bb25px|25px|25px|25px|true|true\u00a0\u00bb border_radii=\u00a0\u00bbon|6px|6px|6px|6px\u00a0\u00bb box_shadow_style=\u00a0\u00bbpreset3&Prime; global_colors_info=\u00a0\u00bb{}\u00a0\u00bb]<\/p>\n<p>Ce mortier sp\u00e9cialement con\u00e7u s\u2019applique entre le r\u00e9seau de tuyaux. Il distribue la chaleur de mani\u00e8re optimale \u00e0 travers les tuyaux et achemine ensuite la chaleur en question \u00e0 travers les tuyaux jusqu\u2019\u00e0 l\u2019endroit o\u00f9 elle est n\u00e9cessaire.<\/p>\n<p>[\/et_pb_blurb][\/et_pb_column][\/et_pb_row][\/et_pb_section][et_pb_section fb_built=\u00a0\u00bb1&Prime; _builder_version=\u00a0\u00bb4.17.4&Prime; _module_preset=\u00a0\u00bbdefault\u00a0\u00bb custom_padding=\u00a0\u00bb75px||75px||true|false\u00a0\u00bb locked=\u00a0\u00bboff\u00a0\u00bb global_colors_info=\u00a0\u00bb{}\u00a0\u00bb][et_pb_row column_structure=\u00a0\u00bb1_2,1_2&Prime; _builder_version=\u00a0\u00bb4.17.4&Prime; _module_preset=\u00a0\u00bbdefault\u00a0\u00bb global_colors_info=\u00a0\u00bb{}\u00a0\u00bb][et_pb_column type=\u00a0\u00bb1_2&Prime; _builder_version=\u00a0\u00bb4.17.4&Prime; _module_preset=\u00a0\u00bbdefault\u00a0\u00bb global_colors_info=\u00a0\u00bb{}\u00a0\u00bb][et_pb_image src=\u00a0\u00bbhttps:\/\/www.thermoduct.be\/wp-content\/uploads\/De-veelzijdige-toepassingen-van-solarproof.jpg\u00a0\u00bb alt=\u00a0\u00bbLes nombreuses applications de solarproof\u00a0\u00bb title_text=\u00a0\u00bbLes nombreuses applications de solarproof\u00a0\u00bb _builder_version=\u00a0\u00bb4.17.4&Prime; _module_preset=\u00a0\u00bbdefault\u00a0\u00bb border_radii=\u00a0\u00bbon|6px|6px|6px|6px\u00a0\u00bb box_shadow_style=\u00a0\u00bbpreset3&Prime; global_colors_info=\u00a0\u00bb{}\u00a0\u00bb]<br \/>\n[\/et_pb_image][\/et_pb_column][et_pb_column type=\u00a0\u00bb1_2&Prime; _builder_version=\u00a0\u00bb4.17.4&Prime; _module_preset=\u00a0\u00bbdefault\u00a0\u00bb global_colors_info=\u00a0\u00bb{}\u00a0\u00bb][et_pb_text _builder_version=\u00a0\u00bb4.17.4&Prime; _module_preset=\u00a0\u00bbdefault\u00a0\u00bb global_colors_info=\u00a0\u00bb{}\u00a0\u00bb]<\/p>\n<h2>Les nombreuses applications de solarproof<\/h2>\n<p>Le syst\u00e8me est le fruit d\u2019un \u00e9quilibre d\u00e9licat entre efficacit\u00e9, qualit\u00e9, flexibilit\u00e9 et rentabilit\u00e9. Il offre des solutions pour de nombreuses applications, g\u00e9om\u00e9tries et structures de toitures. Le syst\u00e8me solarproof\u00ae est souvent utilis\u00e9 dans les cas suivants\u00a0:<\/p>\n<ul>\n<li>Eau chaude sanitaire<\/li>\n<li>Chauffage de l\u2019eau de piscine<\/li>\n<li>Activation du noyau de b\u00e9ton<\/li>\n<li>Chauffage \u00e0 basse temp\u00e9rature (chauffage par le sol, plafond rafra\u00eechissant, etc.)<\/li>\n<li>R\u00e9g\u00e9n\u00e9ration d\u2019un syst\u00e8me g\u00e9othermique<\/li>\n<li>Eau d\u2019alimentation des chaudi\u00e8res pour processus industriels<\/li>\n<li>Applications HVAC \/ CVC<\/li>\n<\/ul>\n<p>&nbsp;<\/p>\n<p>[\/et_pb_text][\/et_pb_column][\/et_pb_row][\/et_pb_section][et_pb_section fb_built=\u00a0\u00bb1&Prime; prev_background_color=\u00a0\u00bb#ffffff\u00a0\u00bb next_background_color=\u00a0\u00bb#ffffff\u00a0\u00bb module_class=\u00a0\u00bbncss-thermoduct-divider-rev\u00a0\u00bb _builder_version=\u00a0\u00bb4.17.4&Prime; _module_preset=\u00a0\u00bbdefault\u00a0\u00bb background_color=\u00a0\u00bb#00A0E3&Prime; background_enable_pattern_style=\u00a0\u00bbon\u00a0\u00bb background_pattern_style=\u00a0\u00bbcubes\u00a0\u00bb background_pattern_size=\u00a0\u00bbcover\u00a0\u00bb background_pattern_repeat_origin=\u00a0\u00bbcenter\u00a0\u00bb custom_padding=\u00a0\u00bb75px||75px||true|false\u00a0\u00bb top_divider_style=\u00a0\u00bbasymmetric3&Prime; top_divider_height=\u00a0\u00bb50px\u00a0\u00bb bottom_divider_style=\u00a0\u00bbasymmetric3&Prime; bottom_divider_height=\u00a0\u00bb50px\u00a0\u00bb locked=\u00a0\u00bboff\u00a0\u00bb global_colors_info=\u00a0\u00bb{}\u00a0\u00bb][et_pb_row column_structure=\u00a0\u00bb1_2,1_2&Prime; make_equal=\u00a0\u00bbon\u00a0\u00bb _builder_version=\u00a0\u00bb4.17.4&Prime; _module_preset=\u00a0\u00bbdefault\u00a0\u00bb global_colors_info=\u00a0\u00bb{}\u00a0\u00bb][et_pb_column type=\u00a0\u00bb1_2&Prime; _builder_version=\u00a0\u00bb4.17.4&Prime; _module_preset=\u00a0\u00bbdefault\u00a0\u00bb global_colors_info=\u00a0\u00bb{}\u00a0\u00bb][et_pb_text _builder_version=\u00a0\u00bb4.17.4&Prime; _module_preset=\u00a0\u00bbdefault\u00a0\u00bb text_line_height=\u00a0\u00bb2em\u00a0\u00bb header_text_align=\u00a0\u00bbleft\u00a0\u00bb header_3_text_align=\u00a0\u00bbleft\u00a0\u00bb background_color=\u00a0\u00bb#FFFFFF\u00a0\u00bb custom_padding=\u00a0\u00bb25px|25px|25px|25px|true|true\u00a0\u00bb border_radii=\u00a0\u00bbon|6px|6px|6px|6px\u00a0\u00bb border_color_all=\u00a0\u00bb#00A0E3&Prime; box_shadow_style=\u00a0\u00bbpreset3&Prime; global_colors_info=\u00a0\u00bb{}\u00a0\u00bb]<\/p>\n<h3>Avantages de solarproof<\/h3>\n<p><i class=\"fa fa-check\" aria-hidden=\"true\"><\/i> Invisible\u00a0: le syst\u00e8me est enti\u00e8rement dissimul\u00e9 dans le toit plat, ce qui permet de pr\u00e9server l\u2019esth\u00e9tique de votre habitation.<br \/><i class=\"fa fa-check\" aria-hidden=\"true\"><\/i> Rendement \u00e0 vie\u00a0: le syst\u00e8me solarproof\u00ae peut rester dans votre toit pour l\u2019\u00e9ternit\u00e9. Il ne demande pratiquement aucun entretien et ne perd pas de son efficacit\u00e9 avec le temps.<br \/><i class=\"fa fa-check\" aria-hidden=\"true\"><\/i> Combinable avec des panneaux solaires\u00a0: si vous souhaitez tirer le meilleur parti de votre toit, vous pouvez combiner le syst\u00e8me solarproof\u00ae avec des panneaux solaires amorphes. Ainsi, votre toit produit non seulement de la chaleur mais aussi de l\u2019\u00e9lectricit\u00e9.<\/p>\n<p>[\/et_pb_text][\/et_pb_column][et_pb_column type=\u00a0\u00bb1_2&Prime; _builder_version=\u00a0\u00bb4.17.4&Prime; _module_preset=\u00a0\u00bbdefault\u00a0\u00bb global_colors_info=\u00a0\u00bb{}\u00a0\u00bb][et_pb_text _builder_version=\u00a0\u00bb4.17.4&Prime; _module_preset=\u00a0\u00bbdefault\u00a0\u00bb text_line_height=\u00a0\u00bb2em\u00a0\u00bb header_text_align=\u00a0\u00bbleft\u00a0\u00bb header_3_text_align=\u00a0\u00bbleft\u00a0\u00bb background_color=\u00a0\u00bb#FFFFFF\u00a0\u00bb min_height=\u00a0\u00bb100%\u00a0\u00bb custom_padding=\u00a0\u00bb25px|25px|25px|25px|true|true\u00a0\u00bb border_radii=\u00a0\u00bbon|6px|6px|6px|6px\u00a0\u00bb border_color_all=\u00a0\u00bb#00A0E3&Prime; box_shadow_style=\u00a0\u00bbpreset3&Prime; global_colors_info=\u00a0\u00bb{}\u00a0\u00bb]<\/p>\n<h3>points d\u2019attention de solarproof<\/h3>\n<p><i class=\"fa fa-times\" aria-hidden=\"true\"><\/i> Pas avec du roofing \u00e0 br\u00fbler\u00a0: le syst\u00e8me peut \u00eatre utilis\u00e9 uniquement avec du roofing autocollant ou de l\u2019EPDM, pas avec du roofing \u00e0 br\u00fbler.<br \/><i class=\"fa fa-times\" aria-hidden=\"true\"><\/i> Uniquement sur toit plat\u00a0: la pente de votre toit ne peut pas d\u00e9passer 20\u00a0%. Vous ne pouvez donc pas installer le syst\u00e8me solarproof\u00ae sur un toit en pente.<\/p>\n<p>[\/et_pb_text][\/et_pb_column][\/et_pb_row][\/et_pb_section][et_pb_section fb_built=\u00a0\u00bb1&Prime; _builder_version=\u00a0\u00bb4.17.4&Prime; _module_preset=\u00a0\u00bbdefault\u00a0\u00bb custom_padding=\u00a0\u00bb75px||75px||true|false\u00a0\u00bb locked=\u00a0\u00bboff\u00a0\u00bb global_colors_info=\u00a0\u00bb{}\u00a0\u00bb][et_pb_row column_structure=\u00a0\u00bb1_2,1_2&Prime; make_equal=\u00a0\u00bbon\u00a0\u00bb _builder_version=\u00a0\u00bb4.17.4&Prime; _module_preset=\u00a0\u00bbdefault\u00a0\u00bb global_colors_info=\u00a0\u00bb{}\u00a0\u00bb][et_pb_column type=\u00a0\u00bb1_2&Prime; _builder_version=\u00a0\u00bb4.17.4&Prime; _module_preset=\u00a0\u00bbdefault\u00a0\u00bb custom_css_main_element=\u00a0\u00bbdisplay: flex;||flex-direction: column;||justify-content: center;\u00a0\u00bb global_colors_info=\u00a0\u00bb{}\u00a0\u00bb][et_pb_text _builder_version=\u00a0\u00bb4.21.0&Prime; _module_preset=\u00a0\u00bbdefault\u00a0\u00bb hover_enabled=\u00a0\u00bb0&Prime; global_colors_info=\u00a0\u00bb{}\u00a0\u00bb sticky_enabled=\u00a0\u00bb0&Prime;]<\/p>\n<h2>Faire installer Solarproof<\/h2>\n<p>Chez <strong>Thermoduct<\/strong>, nous produisons et installons des syst\u00e8mes solarproof depuis plus de 60 ans. Nos installateurs peuvent donc \u00e0 juste titre \u00eatre consid\u00e9r\u00e9s comme des experts du syst\u00e8me solarproof.<\/p>\n<p>Notre d\u00e9lai de livraison est de 3 \u00e0 4\u00a0semaines entre la commande et la pose. Vous souhaitez faire appel \u00e0 <strong>Thermoduct<\/strong> pour installer un syst\u00e8me solarproof\u00a0? N\u2019h\u00e9sitez pas \u00e0 nous contacter pour un devis sans engagement.<\/p>\n<p>[\/et_pb_text][et_pb_button button_url=\u00a0\u00bb@ET-DC@eyJkeW5hbWljIjp0cnVlLCJjb250ZW50IjoicG9zdF9saW5rX3VybF9wYWdlIiwic2V0dGluZ3MiOnsicG9zdF9pZCI6IjI0NjcifX0=@\u00a0\u00bb button_text=\u00a0\u00bbContact\u00a0\u00bb _builder_version=\u00a0\u00bb4.21.0&Prime; _dynamic_attributes=\u00a0\u00bbbutton_url\u00a0\u00bb _module_preset=\u00a0\u00bbdefault\u00a0\u00bb global_colors_info=\u00a0\u00bb{}\u00a0\u00bb]<br \/>\n[\/et_pb_button][\/et_pb_column][et_pb_column type=\u00a0\u00bb1_2&Prime; _builder_version=\u00a0\u00bb4.17.4&Prime; _module_preset=\u00a0\u00bbdefault\u00a0\u00bb global_colors_info=\u00a0\u00bb{}\u00a0\u00bb][et_pb_image src=\u00a0\u00bbhttps:\/\/www.thermoduct.be\/wp-content\/uploads\/Solarproof-installeren.png\u00a0\u00bb alt=\u00a0\u00bbInstaller Solarproof\u00a0\u00bb title_text=\u00a0\u00bbInstaller Solarproof\u00a0\u00bb _builder_version=\u00a0\u00bb4.17.4&Prime; _module_preset=\u00a0\u00bbdefault\u00a0\u00bb border_radii=\u00a0\u00bbon|6px|6px|6px|6px\u00a0\u00bb box_shadow_style=\u00a0\u00bbpreset3&Prime; global_colors_info=\u00a0\u00bb{}\u00a0\u00bb]<br \/>\n[\/et_pb_image][\/et_pb_column][\/et_pb_row][\/et_pb_section]<\/p>\n","protected":false},"excerpt":{"rendered":"<p>Solarproof Choisir le syst\u00e8me r\u00e9volutionnaire solarproof\u00ae, c\u2019est opter pour une source d\u2019\u00e9nergie durable et innovante qui capte la chaleur solaire pour alimenter votre maison en eau chaude. Le syst\u00e8me est dissimul\u00e9 dans votre toit plat et fonctionne comme un chauffe-eau solaire invisible. Un capteur solaire int\u00e9gr\u00e9, qui capte la chaleur du soleil, est associ\u00e9 \u00e0 [&hellip;]<\/p>\n","protected":false},"author":1,"featured_media":0,"parent":0,"menu_order":0,"comment_status":"closed","ping_status":"closed","template":"","meta":{"_acf_changed":false,"_seopress_robots_primary_cat":"","_seopress_titles_title":"Solarproof | Thermoduct","_seopress_titles_desc":"Solarproof est une solution invisible pour chauffe-eau solaire. D\u00e9couvrez les avantages et demandez un devis \u00e0 Thermoduct.","_seopress_robots_index":"","_et_pb_use_builder":"on","_et_pb_old_content":"","_et_gb_content_width":"","footnotes":""},"class_list":["post-2476","page","type-page","status-publish","hentry"],"acf":[],"_links":{"self":[{"href":"https:\/\/www.thermoduct.be\/fr\/wp-json\/wp\/v2\/pages\/2476","targetHints":{"allow":["GET"]}}],"collection":[{"href":"https:\/\/www.thermoduct.be\/fr\/wp-json\/wp\/v2\/pages"}],"about":[{"href":"https:\/\/www.thermoduct.be\/fr\/wp-json\/wp\/v2\/types\/page"}],"author":[{"embeddable":true,"href":"https:\/\/www.thermoduct.be\/fr\/wp-json\/wp\/v2\/users\/1"}],"replies":[{"embeddable":true,"href":"https:\/\/www.thermoduct.be\/fr\/wp-json\/wp\/v2\/comments?post=2476"}],"version-history":[{"count":12,"href":"https:\/\/www.thermoduct.be\/fr\/wp-json\/wp\/v2\/pages\/2476\/revisions"}],"predecessor-version":[{"id":3422,"href":"https:\/\/www.thermoduct.be\/fr\/wp-json\/wp\/v2\/pages\/2476\/revisions\/3422"}],"wp:attachment":[{"href":"https:\/\/www.thermoduct.be\/fr\/wp-json\/wp\/v2\/media?parent=2476"}],"curies":[{"name":"wp","href":"https:\/\/api.w.org\/{rel}","templated":true}]}}